{"id":13,"date":"2020-11-25T11:30:43","date_gmt":"2020-11-25T11:30:43","guid":{"rendered":"http:\/\/sw-themes.com\/porto_dummy\/?page_id=13"},"modified":"2022-12-26T14:22:26","modified_gmt":"2022-12-26T11:22:26","slug":"contact-us","status":"publish","type":"page","link":"https:\/\/erdemlikaucuk.com\/en\/contact-us\/","title":{"rendered":"Contact Us"},"content":{"rendered":"<div class=\"vce-row-container\"><div class=\"vce-row vce-row--col-gap-20 vce-row-no-paddings vce-row-columns--top vce-row-content--top\" id=\"el-239c11c6\" data-vce-do-apply=\"all el-239c11c6\"><div class=\"vce-row-content\" data-vce-element-content=\"true\"><div class=\"vce-col vce-col--md-auto vce-col--xs-1 vce-col--xs-last vce-col--xs-first vce-col--sm-last vce-col--sm-first vce-col--md-last vce-col--lg-last vce-col--xl-last vce-col--md-first vce-col--lg-first vce-col--xl-first\" id=\"el-02125b9f\"><div class=\"vce-col-inner\" data-vce-do-apply=\"border margin background  el-02125b9f\"><div class=\"vce-col-content\" data-vce-element-content=\"true\" data-vce-do-apply=\"padding el-02125b9f\"><div class=\"vce-google-maps vce-google-maps--align-left\"><div class=\"vce-google-maps-wrapper vce vce-google-maps--width-custom vce-google-maps--height-custom\" id=\"el-c5a87061\" data-vce-do-apply=\"all el-c5a87061\" style=\"width: 1920px; height: 350px;\"><div class=\"vce-google-maps-inner\"><iframe src=\"https:\/\/www.google.com\/maps\/embed?pb=!1m14!1m8!1m3!1d12193.432204822828!2d29.2580851!3d40.1788445!3m2!1i1024!2i768!4f13.1!3m3!1m2!1s0x0%3A0x62585a9bfe277698!2sErdemli%20Kau%C3%A7uk!5e0!3m2!1str!2str!4v1672053690823!5m2!1str!2str\" width=\"600\" height=\"450\" style=\"border: 0px; pointer-events: none;\" allowfullscreen=\"\" loading=\"lazy\" referrerpolicy=\"no-referrer-when-downgrade\"><\/iframe><\/div><\/div><\/div><\/div><\/div><\/div><\/div><\/div><\/div><div class=\"vce-row-container\"><div class=\"vce-row vce-row--col-gap-20 vce-row-columns--top vce-row-content--top porto-inner-container\" id=\"el-61dd611b\" data-vce-do-apply=\"all el-61dd611b\"><div class=\"vce-row-content container\" data-vce-element-content=\"true\"><div class=\"vce-col vce-col--md-auto vce-col--xs-1 vce-col--xs-last vce-col--xs-first vce-col--sm-last vce-col--sm-first vce-col--md-last vce-col--lg-last vce-col--xl-last vce-col--md-first vce-col--lg-first vce-col--xl-first\" id=\"el-e689edc1\"><div class=\"vce-col-inner\" data-vce-do-apply=\"border margin background  el-e689edc1\"><div class=\"vce-col-content\" data-vce-element-content=\"true\" data-vce-do-apply=\"padding el-e689edc1\"><h2 class=\"porto-heading mb-2\" id=\"el-12b0666b\" data-vce-do-apply=\"all el-12b0666b\" style=\"font-size: 1.5rem; letter-spacing: -0.025em;\">\u0130leti\u015fim Bilgileri<\/h2><p class=\"porto-heading mb-5\" id=\"el-63387007\" data-vce-do-apply=\"all el-63387007\">\u0130leti\u015fim formunu kullanarak; \u015fikayet, talep ve \u00fcr\u00fcn fiyat bilgilerini detayl\u0131 \u015fekilde talep edebilirsiniz.<\/p><div class=\"vce-row-container\"><div class=\"vce-row vce-row--col-gap-20 vce-row-columns--top vce-row-content--top no-inner-container\" id=\"el-8f1f8df5\" data-vce-do-apply=\"all el-8f1f8df5\"><div class=\"vce-row-content\" data-vce-element-content=\"true\"><div class=\"vce-col vce-col--xs-100p vce-col--xs-visible vce-col--xs-last vce-col--xs-first vce-col--sm-100p vce-col--sm-visible vce-col--sm-last vce-col--sm-first vce-col--md-50p vce-col--md-visible vce-col--md-first vce-col--lg-auto vce-col--lg-visible vce-col--lg-first vce-col--xl-auto vce-col--xl-visible vce-col--xl-first\" id=\"el-f6e84720\"><div class=\"vce-col-inner\" data-vce-do-apply=\"border margin background  el-f6e84720\"><div class=\"vce-col-content\" data-vce-element-content=\"true\" data-vce-do-apply=\"padding el-f6e84720\"><div class=\"porto-sicon-box style_1 top-icon\" id=\"el-e8cf306d\" data-vce-do-apply=\"all el-e8cf306d\"><div class=\"porto-sicon-top\"><div class=\"porto-just-icon-wrapper\" style=\"text-align: center; margin-bottom: 1.25rem;\"><div class=\"porto-icon none porto-icon-45 porto-icon-color-b-242-97-0\" style=\"display: inline-block;\"><i class=\"Simple-Line-Icons-pointer\"><\/i><\/div><\/div><\/div><div class=\"porto-sicon-header\"><h3 class=\"porto-sicon-title\" style=\"font-weight: 700; font-size: 1.25rem; line-height: 1.1; letter-spacing: -0.025em;\">Adres<\/h3><p style=\"letter-spacing: -0.025em;\">\u00c7ataltepe Mah. Besob 6 Sok. No:8\/1 - Kestel \/ BURSA<\/p><\/div><\/div><\/div><\/div><\/div><div class=\"vce-col vce-col--xs-100p vce-col--xs-visible vce-col--xs-last vce-col--xs-first vce-col--sm-100p vce-col--sm-visible vce-col--sm-last vce-col--sm-first vce-col--md-50p vce-col--md-visible vce-col--md-last vce-col--lg-auto vce-col--lg-visible vce-col--xl-auto vce-col--xl-visible\" id=\"el-e3468d8c\"><div class=\"vce-col-inner\" data-vce-do-apply=\"border margin background  el-e3468d8c\"><div class=\"vce-col-content\" data-vce-element-content=\"true\" data-vce-do-apply=\"padding el-e3468d8c\"><div class=\"porto-sicon-box style_1 top-icon\" id=\"el-ca70a2ac\" data-vce-do-apply=\"all el-ca70a2ac\"><div class=\"porto-sicon-top\"><div class=\"porto-just-icon-wrapper\" style=\"text-align: center; margin-bottom: 1.25rem;\"><div class=\"porto-icon none porto-icon-45 porto-icon-color-b-242-97-0\" style=\"display: inline-block;\"><i class=\"Simple-Line-Icons-phone\"><\/i><\/div><\/div><\/div><div class=\"porto-sicon-header\"><h3 class=\"porto-sicon-title\" style=\"font-weight: 700; font-size: 1.25rem; line-height: 1.1; letter-spacing: -0.025em;\">Telefon<\/h3><p style=\"letter-spacing: -0.025em;\">+90 (530) 930 64 28<\/p><\/div><\/div><\/div><\/div><\/div><div class=\"vce-col vce-col--xs-100p vce-col--xs-visible vce-col--xs-last vce-col--xs-first vce-col--sm-100p vce-col--sm-visible vce-col--sm-last vce-col--sm-first vce-col--md-50p vce-col--md-visible vce-col--md-first vce-col--lg-auto vce-col--lg-visible vce-col--xl-auto vce-col--xl-visible\" id=\"el-fa4af566\"><div class=\"vce-col-inner\" data-vce-do-apply=\"border margin background  el-fa4af566\"><div class=\"vce-col-content\" data-vce-element-content=\"true\" data-vce-do-apply=\"padding el-fa4af566\"><div class=\"porto-sicon-box style_1 top-icon\" id=\"el-13a54c14\" data-vce-do-apply=\"all el-13a54c14\"><div class=\"porto-sicon-top\"><div class=\"porto-just-icon-wrapper\" style=\"text-align: center; margin-bottom: 1.25rem;\"><div class=\"porto-icon none porto-icon-45 porto-icon-color-b-242-97-0\" style=\"display: inline-block;\"><i class=\"Simple-Line-Icons-envelope\"><\/i><\/div><\/div><\/div><div class=\"porto-sicon-header\"><h3 class=\"porto-sicon-title\" style=\"font-weight: 700; font-size: 1.25rem; line-height: 1.1; letter-spacing: -0.025em;\">E-Posta<\/h3><p style=\"letter-spacing: -0.025em;\">info@erdemlikaucuk.com<\/p><\/div><\/div><\/div><\/div><\/div><div class=\"vce-col vce-col--xs-100p vce-col--xs-visible vce-col--xs-last vce-col--xs-first vce-col--sm-100p vce-col--sm-visible vce-col--sm-last vce-col--sm-first vce-col--md-50p vce-col--md-visible vce-col--md-last vce-col--lg-auto vce-col--lg-visible vce-col--lg-last vce-col--xl-auto vce-col--xl-visible vce-col--xl-last\" id=\"el-47eefc86\"><div class=\"vce-col-inner\" data-vce-do-apply=\"border margin background  el-47eefc86\"><div class=\"vce-col-content\" data-vce-element-content=\"true\" data-vce-do-apply=\"padding el-47eefc86\"><div class=\"porto-sicon-box style_1 top-icon\" id=\"el-ff09aade\" data-vce-do-apply=\"all el-ff09aade\"><div class=\"porto-sicon-top\"><div class=\"porto-just-icon-wrapper\" style=\"text-align: center; margin-bottom: 1.25rem;\"><div class=\"porto-icon none porto-icon-45 porto-icon-color-b-242-97-0\" style=\"display: inline-block;\"><i class=\"Simple-Line-Icons-calendar\"><\/i><\/div><\/div><\/div><div class=\"porto-sicon-header\"><h3 class=\"porto-sicon-title\" style=\"font-weight: 700; font-size: 1.25rem; line-height: 1.1; letter-spacing: -0.025em;\">\u00c7al\u0131\u015fma Saatleri<\/h3><p style=\"letter-spacing: -0.025em;\">Hafta \u0130\u00e7i : 08: \/ 18:00 - Cmt : 08:00 \/ 17:00 - Pzr : KAPALI<\/p><\/div><\/div><\/div><\/div><\/div><\/div><\/div><\/div><div class=\"vce vce-separator-container my-4 vce-separator--align-center vce-separator--style-solid\" id=\"el-a655a0a1\" data-vce-do-apply=\"margin el-a655a0a1\"><div class=\"vce-separator vce-separator--color-b-231-231-231 vce-separator--width-100 vce-separator--thickness-1\" data-vce-do-apply=\"border padding background  el-a655a0a1\"><\/div><\/div><\/div><\/div><\/div><\/div><\/div><\/div><div class=\"vce-row-container\"><div class=\"vce-row vce-row--col-gap-20 vce-row-columns--top vce-row-content--top porto-inner-container\" id=\"el-65d8c981\" data-vce-do-apply=\"all el-65d8c981\"><div class=\"vce-row-content container\" data-vce-element-content=\"true\"><div class=\"vce-col vce-col--md-auto vce-col--xs-1 vce-col--xs-last vce-col--xs-first vce-col--sm-last vce-col--sm-first vce-col--md-first vce-col--lg-first vce-col--xl-first\" id=\"el-1ef4262e\"><div class=\"vce-col-inner\" data-vce-do-apply=\"border margin background  el-1ef4262e\"><div class=\"vce-col-content\" data-vce-element-content=\"true\" data-vce-do-apply=\"padding el-1ef4262e\"><h2 class=\"porto-heading mb-3\" id=\"el-9e90eeef\" data-vce-do-apply=\"all el-9e90eeef\" style=\"font-size: 1.5rem; letter-spacing: -0.025em;\">\u0130leti\u015fim Formu<\/h2><div class=\"vce-shortcode\"><div class=\"vce-shortcode-wrapper vce\" id=\"el-ecf402dd\" data-vce-do-apply=\"all el-ecf402dd\"><div class=\"wpcf7 no-js\" id=\"wpcf7-f3130-o1\" lang=\"en-US\" dir=\"ltr\">\n<div class=\"screen-reader-response\"><p role=\"status\" aria-live=\"polite\" aria-atomic=\"true\"><\/p> <ul><\/ul><\/div>\n<form action=\"\/en\/wp-json\/wp\/v2\/pages\/13#wpcf7-f3130-o1\" method=\"post\" class=\"wpcf7-form init\" aria-label=\"Contact form\" novalidate=\"novalidate\" data-status=\"init\">\n<div style=\"display: none;\">\n<input type=\"hidden\" name=\"_wpcf7\" value=\"3130\" \/>\n<input type=\"hidden\" name=\"_wpcf7_version\" value=\"5.7.1\" \/>\n<input type=\"hidden\" name=\"_wpcf7_locale\" value=\"en_US\" \/>\n<input type=\"hidden\" name=\"_wpcf7_unit_tag\" value=\"wpcf7-f3130-o1\" \/>\n<input type=\"hidden\" name=\"_wpcf7_container_post\" value=\"0\" \/>\n<input type=\"hidden\" name=\"_wpcf7_posted_data_hash\" value=\"\" \/>\n<\/div>\n<div class=\"row\">\n\t<div class=\"col-lg-12\">\n\t\t<div class=\"form-group\">\n\t\t\t<p><label for=\"contact-name\" class=\"custom-font-family font-weight-medium\">Your Name <span class=\"text-secondary\">*<\/span><\/label><br \/>\n<span class=\"wpcf7-form-control-wrap\" data-name=\"your-name\"><input size=\"40\" class=\"wpcf7-form-control wpcf7-text wpcf7-validates-as-required form-control line-height-lg\" id=\"contact-name\" aria-required=\"true\" aria-invalid=\"false\" value=\"\" type=\"text\" name=\"your-name\" \/><\/span>\n\t\t\t<\/p>\n\t\t<\/div>\n\t<\/div>\n\t<div class=\"col-lg-12\">\n\t\t<div class=\"form-group\">\n\t\t\t<p><label for=\"contact-email\" class=\"custom-font-family font-weight-medium\">E-Mail <span class=\"text-secondary\">*<\/span><\/label><br \/>\n<span class=\"wpcf7-form-control-wrap\" data-name=\"your-email\"><input size=\"40\" class=\"wpcf7-form-control wpcf7-text wpcf7-email wpcf7-validates-as-required wpcf7-validates-as-email form-control line-height-lg\" id=\"contact-email\" aria-required=\"true\" aria-invalid=\"false\" value=\"\" type=\"email\" name=\"your-email\" \/><\/span>\n\t\t\t<\/p>\n\t\t<\/div>\n\t<\/div>\n\t<div class=\"col-lg-12\">\n\t\t<div class=\"form-group\">\n\t\t\t<p><label for=\"contact-message\" class=\"custom-font-family font-weight-medium\">Your Message <\/label><br \/>\n<span class=\"wpcf7-form-control-wrap\" data-name=\"your-message\"><textarea cols=\"40\" rows=\"7\" class=\"wpcf7-form-control wpcf7-textarea form-control\" id=\"contact-message\" aria-invalid=\"false\" name=\"your-message\"><\/textarea><\/span>\n\t\t\t<\/p>\n\t\t<\/div>\n\t<\/div>\n\t<div class=\"col-lg-12\">\n\t\t<div class=\"form-group\">\n\t\t\t<p><input class=\"wpcf7-form-control has-spinner wpcf7-submit btn btn-dark btn-lg px-5 p-t-md p-b-md\" type=\"submit\" value=\"Send Message\" \/>\n\t\t\t<\/p>\n\t\t<\/div>\n\t<\/div>\n<\/div><p style=\"display: none !important;\"><label>&#916;<textarea name=\"_wpcf7_ak_hp_textarea\" cols=\"45\" rows=\"8\" maxlength=\"100\"><\/textarea><\/label><input type=\"hidden\" id=\"ak_js_1\" name=\"_wpcf7_ak_js\" value=\"222\"\/><script>document.getElementById( \"ak_js_1\" ).setAttribute( \"value\", ( new Date() ).getTime() );<\/script><\/p><div class=\"wpcf7-response-output\" aria-hidden=\"true\"><\/div><\/form><\/div><\/div><\/div><\/div><\/div><\/div><div class=\"vce-col vce-col--md-auto vce-col--xs-1 vce-col--xs-last vce-col--xs-first vce-col--sm-last vce-col--sm-first vce-col--md-last vce-col--lg-last vce-col--xl-last\" id=\"el-d8e01929\"><div class=\"vce-col-inner\" data-vce-do-apply=\"border margin background  el-d8e01929\"><div class=\"vce-col-content\" data-vce-element-content=\"true\" data-vce-do-apply=\"padding el-d8e01929\"><\/div><\/div><\/div><\/div><\/div><\/div><div class=\"vce-row-container\"><div class=\"vce-row vce-row--col-gap-20 vce-row-equal-height vce-row-columns--top vce-row-content--top no-inner-container\" id=\"el-6d530414\" data-vce-do-apply=\"all el-6d530414\"><div class=\"vce-row-content\" data-vce-element-content=\"true\"><div class=\"vce-col vce-col--md-auto vce-col--xs-1 vce-col--xs-last vce-col--xs-first vce-col--sm-last vce-col--sm-first vce-col--md-last vce-col--lg-last vce-col--xl-last vce-col--md-first vce-col--lg-first vce-col--xl-first\" id=\"el-784a2438\"><div class=\"vce-col-inner\" data-vce-do-apply=\"border margin background  el-784a2438\"><div class=\"vce-col-content\" data-vce-element-content=\"true\" data-vce-do-apply=\"padding el-784a2438\"><\/div><\/div><\/div><\/div><\/div><\/div>\n<script>function getWR360PopupSkin(){return 'light_clean';}<\/script>","protected":false},"excerpt":{"rendered":"<p>\u0130leti\u015fim Bilgileri\u0130leti\u015fim formunu kullanarak; \u015fikayet, talep ve \u00fcr\u00fcn fiyat bilgilerini detayl\u0131 \u015fekilde talep edebilirsiniz.Adres\u00c7ataltepe Mah. Besob 6 Sok. No:8\/1 &#8211; Kestel \/ BURSATelefon+90 (530) 930 64 28E-Postainfo@erdemlikaucuk.com\u00c7al\u0131\u015fma SaatleriHafta \u0130\u00e7i : 08: \/ 18:00 &#8211; Cmt : 08:00 \/ 17:00 &#8211; Pzr : KAPALI\u0130leti\u015fim Formu<\/p>\n","protected":false},"author":1,"featured_media":0,"parent":0,"menu_order":0,"comment_status":"closed","ping_status":"closed","template":"","meta":{"footnotes":""},"class_list":["post-13","page","type-page","status-publish","hentry"],"yoast_head":"<!-- This site is optimized with the Yoast SEO plugin v19.13 - https:\/\/yoast.com\/wordpress\/plugins\/seo\/ -->\n<title>Contact Us - Hoogwerkerwiel<\/title>\n<meta name=\"robots\" content=\"index, follow, max-snippet:-1, max-image-preview:large, max-video-preview:-1\" \/>\n<link rel=\"canonical\" href=\"https:\/\/erdemlikaucuk.com\/contact-us\/\" \/>\n<meta property=\"og:locale\" content=\"en_US\" \/>\n<meta property=\"og:type\" content=\"article\" \/>\n<meta property=\"og:title\" content=\"[:tr]\u0130leti\u015fim[:nl]Contact Us[:en]Contact Us[:] - Hoogwerkerwiel\" \/>\n<meta property=\"og:description\" content=\"\u0130leti\u015fim Bilgileri\u0130leti\u015fim formunu kullanarak; \u015fikayet, talep ve \u00fcr\u00fcn fiyat bilgilerini detayl\u0131 \u015fekilde talep edebilirsiniz.Adres\u00c7ataltepe Mah. Besob 6 Sok. No:8\/1 - Kestel \/ BURSATelefon+90 (530) 930 64 28E-Postainfo@erdemlikaucuk.com\u00c7al\u0131\u015fma SaatleriHafta \u0130\u00e7i : 08: \/ 18:00 - Cmt : 08:00 \/ 17:00 - Pzr : KAPALI\u0130leti\u015fim Formu\" \/>\n<meta property=\"og:url\" content=\"https:\/\/erdemlikaucuk.com\/contact-us\/\" \/>\n<meta property=\"og:site_name\" content=\"Hoogwerkerwiel\" \/>\n<meta property=\"article:modified_time\" content=\"2022-12-26T11:22:26+00:00\" \/>\n<meta name=\"twitter:card\" content=\"summary_large_image\" \/>\n<script type=\"application\/ld+json\" class=\"yoast-schema-graph\">{\"@context\":\"https:\/\/schema.org\",\"@graph\":[{\"@type\":\"WebPage\",\"@id\":\"https:\/\/erdemlikaucuk.com\/contact-us\/\",\"url\":\"https:\/\/erdemlikaucuk.com\/contact-us\/\",\"name\":\"[:tr]\u0130leti\u015fim[:nl]Contact Us[:en]Contact Us[:] - Hoogwerkerwiel\",\"isPartOf\":{\"@id\":\"https:\/\/erdemlikaucuk.com\/#website\"},\"datePublished\":\"2020-11-25T11:30:43+00:00\",\"dateModified\":\"2022-12-26T11:22:26+00:00\",\"breadcrumb\":{\"@id\":\"https:\/\/erdemlikaucuk.com\/contact-us\/#breadcrumb\"},\"inLanguage\":\"en-US\",\"potentialAction\":[{\"@type\":\"ReadAction\",\"target\":[\"https:\/\/erdemlikaucuk.com\/contact-us\/\"]}]},{\"@type\":\"BreadcrumbList\",\"@id\":\"https:\/\/erdemlikaucuk.com\/contact-us\/#breadcrumb\",\"itemListElement\":[{\"@type\":\"ListItem\",\"position\":1,\"name\":\"Anasayfa\",\"item\":\"https:\/\/erdemlikaucuk.com\/\"},{\"@type\":\"ListItem\",\"position\":2,\"name\":\"\u0130leti\u015fim\"}]},{\"@type\":\"WebSite\",\"@id\":\"https:\/\/erdemlikaucuk.com\/#website\",\"url\":\"https:\/\/erdemlikaucuk.com\/\",\"name\":\"Erdemli Kau\u00e7uk\",\"description\":\"Tires from Recycled\",\"publisher\":{\"@id\":\"https:\/\/erdemlikaucuk.com\/#organization\"},\"potentialAction\":[{\"@type\":\"SearchAction\",\"target\":{\"@type\":\"EntryPoint\",\"urlTemplate\":\"https:\/\/erdemlikaucuk.com\/?s={search_term_string}\"},\"query-input\":\"required name=search_term_string\"}],\"inLanguage\":\"en-US\"},{\"@type\":\"Organization\",\"@id\":\"https:\/\/erdemlikaucuk.com\/#organization\",\"name\":\"Erdemli Kau\u00e7uk\",\"url\":\"https:\/\/erdemlikaucuk.com\/\",\"logo\":{\"@type\":\"ImageObject\",\"inLanguage\":\"en-US\",\"@id\":\"https:\/\/erdemlikaucuk.com\/#\/schema\/logo\/image\/\",\"url\":\"https:\/\/erdemlikaucuk.com\/wp-content\/uploads\/2022\/12\/erdemli-logo.png\",\"contentUrl\":\"https:\/\/erdemlikaucuk.com\/wp-content\/uploads\/2022\/12\/erdemli-logo.png\",\"width\":1297,\"height\":395,\"caption\":\"Erdemli Kau\u00e7uk\"},\"image\":{\"@id\":\"https:\/\/erdemlikaucuk.com\/#\/schema\/logo\/image\/\"}}]}<\/script>\n<!-- \/ Yoast SEO plugin. -->","yoast_head_json":{"title":"[:tr]\u0130leti\u015fim[:nl]Contact Us[:en]Contact Us[:] - Hoogwerkerwiel","robots":{"index":"index","follow":"follow","max-snippet":"max-snippet:-1","max-image-preview":"max-image-preview:large","max-video-preview":"max-video-preview:-1"},"canonical":"https:\/\/erdemlikaucuk.com\/contact-us\/","og_locale":"en_US","og_type":"article","og_title":"[:tr]\u0130leti\u015fim[:nl]Contact Us[:en]Contact Us[:] - Hoogwerkerwiel","og_description":"\u0130leti\u015fim Bilgileri\u0130leti\u015fim formunu kullanarak; \u015fikayet, talep ve \u00fcr\u00fcn fiyat bilgilerini detayl\u0131 \u015fekilde talep edebilirsiniz.Adres\u00c7ataltepe Mah. Besob 6 Sok. No:8\/1 - Kestel \/ BURSATelefon+90 (530) 930 64 28E-Postainfo@erdemlikaucuk.com\u00c7al\u0131\u015fma SaatleriHafta \u0130\u00e7i : 08: \/ 18:00 - Cmt : 08:00 \/ 17:00 - Pzr : KAPALI\u0130leti\u015fim Formu","og_url":"https:\/\/erdemlikaucuk.com\/contact-us\/","og_site_name":"Hoogwerkerwiel","article_modified_time":"2022-12-26T11:22:26+00:00","twitter_card":"summary_large_image","schema":{"@context":"https:\/\/schema.org","@graph":[{"@type":"WebPage","@id":"https:\/\/erdemlikaucuk.com\/contact-us\/","url":"https:\/\/erdemlikaucuk.com\/contact-us\/","name":"[:tr]\u0130leti\u015fim[:nl]Contact Us[:en]Contact Us[:] - Hoogwerkerwiel","isPartOf":{"@id":"https:\/\/erdemlikaucuk.com\/#website"},"datePublished":"2020-11-25T11:30:43+00:00","dateModified":"2022-12-26T11:22:26+00:00","breadcrumb":{"@id":"https:\/\/erdemlikaucuk.com\/contact-us\/#breadcrumb"},"inLanguage":"en-US","potentialAction":[{"@type":"ReadAction","target":["https:\/\/erdemlikaucuk.com\/contact-us\/"]}]},{"@type":"BreadcrumbList","@id":"https:\/\/erdemlikaucuk.com\/contact-us\/#breadcrumb","itemListElement":[{"@type":"ListItem","position":1,"name":"Anasayfa","item":"https:\/\/erdemlikaucuk.com\/"},{"@type":"ListItem","position":2,"name":"\u0130leti\u015fim"}]},{"@type":"WebSite","@id":"https:\/\/erdemlikaucuk.com\/#website","url":"https:\/\/erdemlikaucuk.com\/","name":"Erdemli Kau\u00e7uk","description":"Tires from Recycled","publisher":{"@id":"https:\/\/erdemlikaucuk.com\/#organization"},"potentialAction":[{"@type":"SearchAction","target":{"@type":"EntryPoint","urlTemplate":"https:\/\/erdemlikaucuk.com\/?s={search_term_string}"},"query-input":"required name=search_term_string"}],"inLanguage":"en-US"},{"@type":"Organization","@id":"https:\/\/erdemlikaucuk.com\/#organization","name":"Erdemli Kau\u00e7uk","url":"https:\/\/erdemlikaucuk.com\/","logo":{"@type":"ImageObject","inLanguage":"en-US","@id":"https:\/\/erdemlikaucuk.com\/#\/schema\/logo\/image\/","url":"https:\/\/erdemlikaucuk.com\/wp-content\/uploads\/2022\/12\/erdemli-logo.png","contentUrl":"https:\/\/erdemlikaucuk.com\/wp-content\/uploads\/2022\/12\/erdemli-logo.png","width":1297,"height":395,"caption":"Erdemli Kau\u00e7uk"},"image":{"@id":"https:\/\/erdemlikaucuk.com\/#\/schema\/logo\/image\/"}}]}},"_links":{"self":[{"href":"https:\/\/erdemlikaucuk.com\/en\/wp-json\/wp\/v2\/pages\/13","targetHints":{"allow":["GET"]}}],"collection":[{"href":"https:\/\/erdemlikaucuk.com\/en\/wp-json\/wp\/v2\/pages"}],"about":[{"href":"https:\/\/erdemlikaucuk.com\/en\/wp-json\/wp\/v2\/types\/page"}],"author":[{"embeddable":true,"href":"https:\/\/erdemlikaucuk.com\/en\/wp-json\/wp\/v2\/users\/1"}],"replies":[{"embeddable":true,"href":"https:\/\/erdemlikaucuk.com\/en\/wp-json\/wp\/v2\/comments?post=13"}],"version-history":[{"count":19,"href":"https:\/\/erdemlikaucuk.com\/en\/wp-json\/wp\/v2\/pages\/13\/revisions"}],"predecessor-version":[{"id":4070,"href":"https:\/\/erdemlikaucuk.com\/en\/wp-json\/wp\/v2\/pages\/13\/revisions\/4070"}],"wp:attachment":[{"href":"https:\/\/erdemlikaucuk.com\/en\/wp-json\/wp\/v2\/media?parent=13"}],"curies":[{"name":"wp","href":"https:\/\/api.w.org\/{rel}","templated":true}]}}